{"id":22781,"date":"2021-10-29T13:35:24","date_gmt":"2021-10-29T13:35:24","guid":{"rendered":"https:\/\/www.artcrafttoys.com\/?post_type=product&#038;p=22781"},"modified":"2024-02-01T16:26:01","modified_gmt":"2024-02-01T16:26:01","slug":"buyuk-kova-hamur-set","status":"publish","type":"product","link":"https:\/\/www.artcrafttoys.com\/en\/product\/buyuk-kova-hamur-set\/","title":{"rendered":"B\u00fcy\u00fck Kova Hamur Set"},"content":{"rendered":"<h3 style=\"text-align: center;\">\u00dcr\u00fcn Kodu: 03282<\/h3>\n<p style=\"text-align: center;\">9 Par\u00e7a | 168 Gram<\/p>\n<h3 style=\"text-align: center;\"><strong>\u0130\u00e7erik:<\/strong><\/h3>\n<p style=\"text-align: center;\">6 Par\u00e7a 28 Gram Oyun Hamuru<br \/>\n8 Par\u00e7a Deniz Canl\u0131s\u0131 Kal\u0131b\u0131<br \/>\n1 Par\u00e7a Oklava<\/p>\n<p style=\"text-align: center;\"><img loading=\"lazy\" class=\"alignnone wp-image-22471\" src=\"https:\/\/www.artcrafttoys.com\/wp-content\/uploads\/2021\/10\/art-craft-play-dough-245x300.png\" alt=\"\" width=\"185\" height=\"227\" \/><\/p>\n<p><img loading=\"lazy\" class=\"alignnone wp-image-22496 aligncenter\" src=\"https:\/\/www.artcrafttoys.com\/wp-content\/uploads\/2021\/10\/ico-1-279x300.png\" alt=\"\" width=\"169\" height=\"181\" \/><\/p>","protected":false},"excerpt":{"rendered":"<h3 style=\"text-align: left;\">\u00dcr\u00fcn Kodu: 03282<\/h3>\n<ul>\n<li style=\"text-align: left;\">9 Par\u00e7a<\/li>\n<li style=\"text-align: left;\">168 Gram<\/li>\n<\/ul>\n<h3 style=\"text-align: left;\"><strong>\u0130\u00e7erik:<\/strong><\/h3>\n<ul>\n<li style=\"text-align: left;\">6 Par\u00e7a 28 Gram Oyun Hamuru<\/li>\n<li style=\"text-align: left;\">8 Par\u00e7a Deniz Canl\u0131s\u0131 Kal\u0131b\u0131<\/li>\n<li style=\"text-align: left;\">1 Par\u00e7a Oklava<\/li>\n<\/ul>","protected":false},"featured_media":22782,"comment_status":"open","ping_status":"closed","template":"","meta":[],"product_cat":[15,51],"product_tag":[],"_links":{"self":[{"href":"https:\/\/www.artcrafttoys.com\/en\/wp-json\/wp\/v2\/product\/22781"}],"collection":[{"href":"https:\/\/www.artcrafttoys.com\/en\/wp-json\/wp\/v2\/product"}],"about":[{"href":"https:\/\/www.artcrafttoys.com\/en\/wp-json\/wp\/v2\/types\/product"}],"replies":[{"embeddable":true,"href":"https:\/\/www.artcrafttoys.com\/en\/wp-json\/wp\/v2\/comments?post=22781"}],"wp:featuredmedia":[{"embeddable":true,"href":"https:\/\/www.artcrafttoys.com\/en\/wp-json\/wp\/v2\/media\/22782"}],"wp:attachment":[{"href":"https:\/\/www.artcrafttoys.com\/en\/wp-json\/wp\/v2\/media?parent=22781"}],"wp:term":[{"taxonomy":"product_cat","embeddable":true,"href":"https:\/\/www.artcrafttoys.com\/en\/wp-json\/wp\/v2\/product_cat?post=22781"},{"taxonomy":"product_tag","embeddable":true,"href":"https:\/\/www.artcrafttoys.com\/en\/wp-json\/wp\/v2\/product_tag?post=22781"}],"curies":[{"name":"wp","href":"https:\/\/api.w.org\/{rel}","templated":true}]}}