{"id":22808,"date":"2021-10-29T16:31:01","date_gmt":"2021-10-29T16:31:01","guid":{"rendered":"https:\/\/www.artcrafttoys.com\/?post_type=product&#038;p=22808"},"modified":"2021-10-29T16:36:08","modified_gmt":"2021-10-29T16:36:08","slug":"geometrik-cantali-hamur-set","status":"publish","type":"product","link":"https:\/\/www.artcrafttoys.com\/en\/product\/geometrik-cantali-hamur-set\/","title":{"rendered":"Geometrik \u00c7antal\u0131 Hamur Set"},"content":{"rendered":"<h3 style=\"text-align: center;\">\u00dcr\u00fcn Kodu: 03293<\/h3>\n<p style=\"text-align: center;\">11 Par\u00e7a | 224 Gram<\/p>\n<h3 style=\"text-align: center;\"><strong>\u0130\u00e7erik:<\/strong><\/h3>\n<p style=\"text-align: center;\">4 Par\u00e7a 56 Gram Oyun Hamuru<br \/>\n6 Par\u00e7a Geometrik Kal\u0131p<br \/>\n1 Par\u00e7a Makas<br \/>\n1 Par\u00e7a Keski<br \/>\n1 Par\u00e7a Spatula<br \/>\n1 Par\u00e7a Hamur B\u0131\u00e7a\u011f\u0131<br \/>\n1 Par\u00e7a Oklava<\/p>\n<p style=\"text-align: center;\"><img loading=\"lazy\" class=\"alignnone wp-image-22471\" src=\"https:\/\/www.artcrafttoys.com\/wp-content\/uploads\/2021\/10\/art-craft-play-dough-245x300.png\" alt=\"\" width=\"185\" height=\"227\" \/><\/p>\n<p><img loading=\"lazy\" class=\"alignnone wp-image-22496 aligncenter\" src=\"https:\/\/www.artcrafttoys.com\/wp-content\/uploads\/2021\/10\/ico-1-279x300.png\" alt=\"\" width=\"169\" height=\"181\" \/><\/p>","protected":false},"excerpt":{"rendered":"<h3 style=\"text-align: left;\">\u00dcr\u00fcn Kodu: 03293<\/h3>\n<ul>\n<li style=\"text-align: left;\">11 Par\u00e7a | 224 Gram<\/li>\n<\/ul>\n<h3 style=\"text-align: left;\"><strong>\u0130\u00e7erik:<\/strong><\/h3>\n<ul>\n<li style=\"text-align: left;\">4 Par\u00e7a 56 Gram Oyun Hamuru<\/li>\n<li style=\"text-align: left;\">6 Par\u00e7a Geometrik Kal\u0131p<\/li>\n<li style=\"text-align: left;\">1 Par\u00e7a Makas<\/li>\n<li style=\"text-align: left;\">1 Par\u00e7a Keski<\/li>\n<li style=\"text-align: left;\">1 Par\u00e7a Spatula<\/li>\n<li style=\"text-align: left;\">1 Par\u00e7a Hamur B\u0131\u00e7a\u011f\u0131<\/li>\n<li style=\"text-align: left;\">1 Par\u00e7a Oklava<\/li>\n<\/ul>","protected":false},"featured_media":22809,"comment_status":"open","ping_status":"closed","template":"","meta":[],"product_cat":[15,51],"product_tag":[],"_links":{"self":[{"href":"https:\/\/www.artcrafttoys.com\/en\/wp-json\/wp\/v2\/product\/22808"}],"collection":[{"href":"https:\/\/www.artcrafttoys.com\/en\/wp-json\/wp\/v2\/product"}],"about":[{"href":"https:\/\/www.artcrafttoys.com\/en\/wp-json\/wp\/v2\/types\/product"}],"replies":[{"embeddable":true,"href":"https:\/\/www.artcrafttoys.com\/en\/wp-json\/wp\/v2\/comments?post=22808"}],"wp:featuredmedia":[{"embeddable":true,"href":"https:\/\/www.artcrafttoys.com\/en\/wp-json\/wp\/v2\/media\/22809"}],"wp:attachment":[{"href":"https:\/\/www.artcrafttoys.com\/en\/wp-json\/wp\/v2\/media?parent=22808"}],"wp:term":[{"taxonomy":"product_cat","embeddable":true,"href":"https:\/\/www.artcrafttoys.com\/en\/wp-json\/wp\/v2\/product_cat?post=22808"},{"taxonomy":"product_tag","embeddable":true,"href":"https:\/\/www.artcrafttoys.com\/en\/wp-json\/wp\/v2\/product_tag?post=22808"}],"curies":[{"name":"wp","href":"https:\/\/api.w.org\/{rel}","templated":true}]}}