{"id":22812,"date":"2021-10-29T16:39:16","date_gmt":"2021-10-29T16:39:16","guid":{"rendered":"https:\/\/www.artcrafttoys.com\/?post_type=product&#038;p=22812"},"modified":"2021-10-29T16:47:17","modified_gmt":"2021-10-29T16:47:17","slug":"uc-boyutlu-hayvanlar-hamur-set","status":"publish","type":"product","link":"https:\/\/www.artcrafttoys.com\/en\/product\/uc-boyutlu-hayvanlar-hamur-set\/","title":{"rendered":"\u00dc\u00e7 Boyutlu Hayvanlar Hamur Set"},"content":{"rendered":"<h3 style=\"text-align: center;\">\u00dcr\u00fcn Kodu: 03295<\/h3>\n<p style=\"text-align: center;\">11 Par\u00e7a | 336 Gram<\/p>\n<h3 style=\"text-align: center;\"><strong>\u0130\u00e7erik:<\/strong><\/h3>\n<p style=\"text-align: center;\">4 Par\u00e7a 56 Gram Oyun Hamuru<br \/>\n1 Par\u00e7a Sapl\u0131 Rulo<br \/>\n1 Par\u00e7a Keski<br \/>\n1 Par\u00e7a Makas<br \/>\n6 Par\u00e7a 3D Hayvan Kal\u0131b\u0131<br \/>\n2 Par\u00e7a A\u011fa\u00e7 Kal\u0131b\u0131<\/p>\n<p style=\"text-align: center;\"><img loading=\"lazy\" class=\"alignnone wp-image-22471\" src=\"https:\/\/www.artcrafttoys.com\/wp-content\/uploads\/2021\/10\/art-craft-play-dough-245x300.png\" alt=\"\" width=\"185\" height=\"227\" \/><\/p>\n<p><img loading=\"lazy\" class=\"alignnone wp-image-22496 aligncenter\" src=\"https:\/\/www.artcrafttoys.com\/wp-content\/uploads\/2021\/10\/ico-1-279x300.png\" alt=\"\" width=\"169\" height=\"181\" \/><\/p>","protected":false},"excerpt":{"rendered":"<h3 style=\"text-align: left;\">\u00dcr\u00fcn Kodu: 03295<\/h3>\n<ul>\n<li style=\"text-align: left;\">11 Par\u00e7a | 336 Gram<\/li>\n<\/ul>\n<h3 style=\"text-align: left;\"><strong>\u0130\u00e7erik:<\/strong><\/h3>\n<ul>\n<li style=\"text-align: left;\">4 Par\u00e7a 56 Gram Oyun Hamuru<\/li>\n<li style=\"text-align: left;\">1 Par\u00e7a Sapl\u0131 Rulo<\/li>\n<li style=\"text-align: left;\">1 Par\u00e7a Keski<\/li>\n<li style=\"text-align: left;\">1 Par\u00e7a Makas<\/li>\n<li style=\"text-align: left;\">6 Par\u00e7a 3D Hayvan Kal\u0131b\u0131<\/li>\n<li style=\"text-align: left;\">2 Par\u00e7a A\u011fa\u00e7 Kal\u0131b\u0131<\/li>\n<\/ul>","protected":false},"featured_media":22813,"comment_status":"open","ping_status":"closed","template":"","meta":[],"product_cat":[15,51],"product_tag":[],"_links":{"self":[{"href":"https:\/\/www.artcrafttoys.com\/en\/wp-json\/wp\/v2\/product\/22812"}],"collection":[{"href":"https:\/\/www.artcrafttoys.com\/en\/wp-json\/wp\/v2\/product"}],"about":[{"href":"https:\/\/www.artcrafttoys.com\/en\/wp-json\/wp\/v2\/types\/product"}],"replies":[{"embeddable":true,"href":"https:\/\/www.artcrafttoys.com\/en\/wp-json\/wp\/v2\/comments?post=22812"}],"wp:featuredmedia":[{"embeddable":true,"href":"https:\/\/www.artcrafttoys.com\/en\/wp-json\/wp\/v2\/media\/22813"}],"wp:attachment":[{"href":"https:\/\/www.artcrafttoys.com\/en\/wp-json\/wp\/v2\/media?parent=22812"}],"wp:term":[{"taxonomy":"product_cat","embeddable":true,"href":"https:\/\/www.artcrafttoys.com\/en\/wp-json\/wp\/v2\/product_cat?post=22812"},{"taxonomy":"product_tag","embeddable":true,"href":"https:\/\/www.artcrafttoys.com\/en\/wp-json\/wp\/v2\/product_tag?post=22812"}],"curies":[{"name":"wp","href":"https:\/\/api.w.org\/{rel}","templated":true}]}}