{"id":22825,"date":"2021-10-29T19:09:08","date_gmt":"2021-10-29T19:09:08","guid":{"rendered":"https:\/\/www.artcrafttoys.com\/?post_type=product&#038;p=22825"},"modified":"2024-02-01T09:59:56","modified_gmt":"2024-02-01T09:59:56","slug":"mutfak-hamur-set","status":"publish","type":"product","link":"https:\/\/www.artcrafttoys.com\/en\/product\/mutfak-hamur-set\/","title":{"rendered":"Mutfak Hamur Set"},"content":{"rendered":"<h3 style=\"text-align: center;\">\u00dcr\u00fcn Kodu: 03332<\/h3>\n<p style=\"text-align: center;\">8 Par\u00e7a | 224 Gram<\/p>\n<h3 style=\"text-align: center;\"><strong>\u0130\u00e7erik:<\/strong><\/h3>\n<p style=\"text-align: center;\">4 Par\u00e7a 56 Gram Oyun Hamuru<br \/>\n1 Par\u00e7a F\u0131r\u0131n<br \/>\n4 Par\u00e7a Ka\u015f\u0131k B\u0131\u00e7ak Seti<br \/>\n1 Par\u00e7a Tencere<br \/>\n1 Par\u00e7a Tava<br \/>\n1 Par\u00e7a Tabak<br \/>\nF\u0131r\u0131n \u00c7\u0131kartmalar\u0131<\/p>\n<p style=\"text-align: center;\"><img loading=\"lazy\" class=\"alignnone wp-image-22471\" src=\"https:\/\/www.artcrafttoys.com\/wp-content\/uploads\/2021\/10\/art-craft-play-dough-245x300.png\" alt=\"\" width=\"185\" height=\"227\" \/><\/p>\n<p><img loading=\"lazy\" class=\"alignnone wp-image-22496 aligncenter\" src=\"https:\/\/www.artcrafttoys.com\/wp-content\/uploads\/2021\/10\/ico-1-279x300.png\" alt=\"\" width=\"169\" height=\"181\" \/><\/p>","protected":false},"excerpt":{"rendered":"<h3 style=\"text-align: left;\">\u00dcr\u00fcn Kodu: 03332<\/h3>\n<ul>\n<li style=\"text-align: left;\">8 Par\u00e7a<\/li>\n<li>224 Gram<\/li>\n<\/ul>\n<h3 style=\"text-align: left;\"><strong>\u0130\u00e7erik:<\/strong><\/h3>\n<ul>\n<li style=\"text-align: left;\">4 Par\u00e7a 56 Gram Oyun Hamuru<\/li>\n<li style=\"text-align: left;\">1 Par\u00e7a F\u0131r\u0131n<\/li>\n<li style=\"text-align: left;\">4 Par\u00e7a Ka\u015f\u0131k B\u0131\u00e7ak Seti<\/li>\n<li style=\"text-align: left;\">1 Par\u00e7a Tencere<\/li>\n<li style=\"text-align: left;\">1 Par\u00e7a Tava<\/li>\n<li style=\"text-align: left;\">1 Par\u00e7a Tabak<\/li>\n<li style=\"text-align: left;\">F\u0131r\u0131n \u00c7\u0131kartmalar\u0131<\/li>\n<\/ul>","protected":false},"featured_media":22826,"comment_status":"open","ping_status":"closed","template":"","meta":[],"product_cat":[15,51],"product_tag":[],"_links":{"self":[{"href":"https:\/\/www.artcrafttoys.com\/en\/wp-json\/wp\/v2\/product\/22825"}],"collection":[{"href":"https:\/\/www.artcrafttoys.com\/en\/wp-json\/wp\/v2\/product"}],"about":[{"href":"https:\/\/www.artcrafttoys.com\/en\/wp-json\/wp\/v2\/types\/product"}],"replies":[{"embeddable":true,"href":"https:\/\/www.artcrafttoys.com\/en\/wp-json\/wp\/v2\/comments?post=22825"}],"wp:featuredmedia":[{"embeddable":true,"href":"https:\/\/www.artcrafttoys.com\/en\/wp-json\/wp\/v2\/media\/22826"}],"wp:attachment":[{"href":"https:\/\/www.artcrafttoys.com\/en\/wp-json\/wp\/v2\/media?parent=22825"}],"wp:term":[{"taxonomy":"product_cat","embeddable":true,"href":"https:\/\/www.artcrafttoys.com\/en\/wp-json\/wp\/v2\/product_cat?post=22825"},{"taxonomy":"product_tag","embeddable":true,"href":"https:\/\/www.artcrafttoys.com\/en\/wp-json\/wp\/v2\/product_tag?post=22825"}],"curies":[{"name":"wp","href":"https:\/\/api.w.org\/{rel}","templated":true}]}}