{"id":22842,"date":"2021-10-29T23:24:53","date_gmt":"2021-10-29T23:24:53","guid":{"rendered":"https:\/\/www.artcrafttoys.com\/?post_type=product&#038;p=22842"},"modified":"2021-10-30T00:19:09","modified_gmt":"2021-10-30T00:19:09","slug":"kucuk-surpriz-yumurta-hamur-set","status":"publish","type":"product","link":"https:\/\/www.artcrafttoys.com\/en\/product\/kucuk-surpriz-yumurta-hamur-set\/","title":{"rendered":"K\u00fc\u00e7\u00fck S\u00fcrpriz Yumurta Hamur Set"},"content":{"rendered":"<h3 style=\"text-align: center;\">\u00dcr\u00fcn Kodu: 03360<\/h3>\n<p style=\"text-align: center;\">3 Par\u00e7a | 60 Gram<\/p>\n<h3 style=\"text-align: center;\"><strong>\u0130\u00e7erik:<\/strong><\/h3>\n<p style=\"text-align: center;\">3 Par\u00e7a 20 Gram Oyun Hamuru<br \/>\n3 Par\u00e7a Mini Fig\u00fcr<\/p>\n<p style=\"text-align: center;\"><img loading=\"lazy\" class=\"alignnone wp-image-22471\" src=\"https:\/\/www.artcrafttoys.com\/wp-content\/uploads\/2021\/10\/art-craft-play-dough-245x300.png\" alt=\"\" width=\"185\" height=\"227\" \/><\/p>\n<p><img loading=\"lazy\" class=\"alignnone wp-image-22496 aligncenter\" src=\"https:\/\/www.artcrafttoys.com\/wp-content\/uploads\/2021\/10\/ico-1-279x300.png\" alt=\"\" width=\"169\" height=\"181\" \/><\/p>","protected":false},"excerpt":{"rendered":"<h3 style=\"text-align: left;\">\u00dcr\u00fcn Kodu: 03360<\/h3>\n<ul>\n<li>3 Par\u00e7a<\/li>\n<li>60 Gram<\/li>\n<\/ul>\n<h3 style=\"text-align: left;\"><strong>\u0130\u00e7erik:<\/strong><\/h3>\n<ul>\n<li style=\"text-align: left;\">3 Par\u00e7a 20 Gram Oyun Hamuru<\/li>\n<li style=\"text-align: left;\">3 Par\u00e7a Mini Fig\u00fcr<\/li>\n<\/ul>","protected":false},"featured_media":22843,"comment_status":"open","ping_status":"closed","template":"","meta":[],"product_cat":[15,51],"product_tag":[],"_links":{"self":[{"href":"https:\/\/www.artcrafttoys.com\/en\/wp-json\/wp\/v2\/product\/22842"}],"collection":[{"href":"https:\/\/www.artcrafttoys.com\/en\/wp-json\/wp\/v2\/product"}],"about":[{"href":"https:\/\/www.artcrafttoys.com\/en\/wp-json\/wp\/v2\/types\/product"}],"replies":[{"embeddable":true,"href":"https:\/\/www.artcrafttoys.com\/en\/wp-json\/wp\/v2\/comments?post=22842"}],"wp:featuredmedia":[{"embeddable":true,"href":"https:\/\/www.artcrafttoys.com\/en\/wp-json\/wp\/v2\/media\/22843"}],"wp:attachment":[{"href":"https:\/\/www.artcrafttoys.com\/en\/wp-json\/wp\/v2\/media?parent=22842"}],"wp:term":[{"taxonomy":"product_cat","embeddable":true,"href":"https:\/\/www.artcrafttoys.com\/en\/wp-json\/wp\/v2\/product_cat?post=22842"},{"taxonomy":"product_tag","embeddable":true,"href":"https:\/\/www.artcrafttoys.com\/en\/wp-json\/wp\/v2\/product_tag?post=22842"}],"curies":[{"name":"wp","href":"https:\/\/api.w.org\/{rel}","templated":true}]}}