{"id":22867,"date":"2021-10-30T08:00:23","date_gmt":"2021-10-30T08:00:23","guid":{"rendered":"https:\/\/www.artcrafttoys.com\/?post_type=product&#038;p=22867"},"modified":"2021-10-30T08:14:58","modified_gmt":"2021-10-30T08:14:58","slug":"artsand-1000-gram-kinetik-oyun-kumu-seti","status":"publish","type":"product","link":"https:\/\/www.artcrafttoys.com\/en\/product\/artsand-1000-gram-kinetik-oyun-kumu-seti\/","title":{"rendered":"Artsand 1000 Gram Kinetik Oyun Kumu Seti"},"content":{"rendered":"<h3 style=\"text-align: center;\">\u00dcr\u00fcn Kodu: 03398<\/h3>\n<p style=\"text-align: center;\">4 Par\u00e7a | 1000 Gram<\/p>\n<h3 style=\"text-align: center;\"><strong>\u0130\u00e7erik:<\/strong><\/h3>\n<p style=\"text-align: center;\">1000 Gram Kinetik Oyun Kumu<br \/>\n4 Par\u00e7a 3D Dinozor Kal\u0131b\u0131<\/p>\n<p style=\"text-align: center;\"><img loading=\"lazy\" class=\"alignnone wp-image-22478\" src=\"https:\/\/www.artcrafttoys.com\/wp-content\/uploads\/2021\/10\/art-craft-sand-logo-249x300.png\" alt=\"\" width=\"203\" height=\"244\" \/><\/p>\n<p><img loading=\"lazy\" class=\"wp-image-22495 aligncenter\" src=\"https:\/\/www.artcrafttoys.com\/wp-content\/uploads\/2021\/10\/ico-2-300x290.png\" alt=\"\" width=\"201\" height=\"194\" \/><\/p>","protected":false},"excerpt":{"rendered":"<h3 style=\"text-align: left;\">\u00dcr\u00fcn Kodu: 03398<\/h3>\n<ul>\n<li>4 Par\u00e7a<\/li>\n<li>1000 Gram<\/li>\n<\/ul>\n<h3 style=\"text-align: left;\"><strong>\u0130\u00e7erik:<\/strong><\/h3>\n<ul>\n<li style=\"text-align: left;\">1000 Gram Kinetik Oyun Kumu<\/li>\n<li>4 Par\u00e7a 3D Dinozor Kal\u0131b\u0131<\/li>\n<\/ul>","protected":false},"featured_media":22868,"comment_status":"open","ping_status":"closed","template":"","meta":[],"product_cat":[15,77],"product_tag":[],"_links":{"self":[{"href":"https:\/\/www.artcrafttoys.com\/en\/wp-json\/wp\/v2\/product\/22867"}],"collection":[{"href":"https:\/\/www.artcrafttoys.com\/en\/wp-json\/wp\/v2\/product"}],"about":[{"href":"https:\/\/www.artcrafttoys.com\/en\/wp-json\/wp\/v2\/types\/product"}],"replies":[{"embeddable":true,"href":"https:\/\/www.artcrafttoys.com\/en\/wp-json\/wp\/v2\/comments?post=22867"}],"wp:featuredmedia":[{"embeddable":true,"href":"https:\/\/www.artcrafttoys.com\/en\/wp-json\/wp\/v2\/media\/22868"}],"wp:attachment":[{"href":"https:\/\/www.artcrafttoys.com\/en\/wp-json\/wp\/v2\/media?parent=22867"}],"wp:term":[{"taxonomy":"product_cat","embeddable":true,"href":"https:\/\/www.artcrafttoys.com\/en\/wp-json\/wp\/v2\/product_cat?post=22867"},{"taxonomy":"product_tag","embeddable":true,"href":"https:\/\/www.artcrafttoys.com\/en\/wp-json\/wp\/v2\/product_tag?post=22867"}],"curies":[{"name":"wp","href":"https:\/\/api.w.org\/{rel}","templated":true}]}}