{"id":22912,"date":"2021-11-01T09:47:21","date_gmt":"2021-11-01T09:47:21","guid":{"rendered":"https:\/\/www.artcrafttoys.com\/?post_type=product&#038;p=22912"},"modified":"2021-11-02T08:27:06","modified_gmt":"2021-11-02T08:27:06","slug":"dondurma-hamur-set","status":"publish","type":"product","link":"https:\/\/www.artcrafttoys.com\/en\/product\/dondurma-hamur-set\/","title":{"rendered":"Dondurma Hamur Set"},"content":{"rendered":"<h3 style=\"text-align: center;\">\u00dcr\u00fcn Kodu: 03489<\/h3>\n<p style=\"text-align: center;\">12 Par\u00e7a | 280 Gram<\/p>\n<h3 style=\"text-align: center;\"><strong>\u0130\u00e7erik:<\/strong><\/h3>\n<p style=\"text-align: center;\">5 Par\u00e7a 56 Gram Oyun Hamuru<br \/>\n1 Par\u00e7a Dondurma Makinesi<br \/>\n1 Par\u00e7a 3D Waffle Kal\u0131b\u0131<br \/>\n2 Par\u00e7a 3D Dondurma Kal\u0131b\u0131<br \/>\n2 Par\u00e7a Dondurma \u00c7\u0131kartmas\u0131<br \/>\n4 Par\u00e7a Cetvel<br \/>\n2 Par\u00e7a Dondurma K\u00fclah\u0131<\/p>\n<p style=\"text-align: center;\"><img loading=\"lazy\" class=\"wp-image-22471 aligncenter\" src=\"https:\/\/www.artcrafttoys.com\/wp-content\/uploads\/2021\/10\/art-craft-play-dough-245x300.png\" alt=\"\" width=\"221\" height=\"271\" \/><br \/>\n<img loading=\"lazy\" class=\"wp-image-22496 aligncenter\" src=\"https:\/\/www.artcrafttoys.com\/wp-content\/uploads\/2021\/10\/ico-1-279x300.png\" alt=\"\" width=\"220\" height=\"237\" \/><\/p>","protected":false},"excerpt":{"rendered":"<h3 style=\"text-align: left;\">\u00dcr\u00fcn Kodu: 03489<\/h3>\n<ul>\n<li>12 Par\u00e7a<\/li>\n<li>280 Gram<\/li>\n<\/ul>\n<h3 style=\"text-align: left;\"><strong>\u0130\u00e7erik:<\/strong><\/h3>\n<ul>\n<li>5 Par\u00e7a 56 Gram Oyun Hamuru<\/li>\n<li>1 Par\u00e7a Dondurma Makinesi<\/li>\n<li>1 Par\u00e7a 3D Waffle Kal\u0131b\u0131<\/li>\n<li>2 Par\u00e7a 3D Dondurma Kal\u0131b\u0131<\/li>\n<li>2 Par\u00e7a Dondurma \u00c7\u0131kartmas\u0131<\/li>\n<li>4 Par\u00e7a Cetvel<\/li>\n<li>2 Par\u00e7a Dondurma K\u00fclah\u0131<\/li>\n<\/ul>","protected":false},"featured_media":22913,"comment_status":"open","ping_status":"closed","template":"","meta":[],"product_cat":[15,51],"product_tag":[],"_links":{"self":[{"href":"https:\/\/www.artcrafttoys.com\/en\/wp-json\/wp\/v2\/product\/22912"}],"collection":[{"href":"https:\/\/www.artcrafttoys.com\/en\/wp-json\/wp\/v2\/product"}],"about":[{"href":"https:\/\/www.artcrafttoys.com\/en\/wp-json\/wp\/v2\/types\/product"}],"replies":[{"embeddable":true,"href":"https:\/\/www.artcrafttoys.com\/en\/wp-json\/wp\/v2\/comments?post=22912"}],"wp:featuredmedia":[{"embeddable":true,"href":"https:\/\/www.artcrafttoys.com\/en\/wp-json\/wp\/v2\/media\/22913"}],"wp:attachment":[{"href":"https:\/\/www.artcrafttoys.com\/en\/wp-json\/wp\/v2\/media?parent=22912"}],"wp:term":[{"taxonomy":"product_cat","embeddable":true,"href":"https:\/\/www.artcrafttoys.com\/en\/wp-json\/wp\/v2\/product_cat?post=22912"},{"taxonomy":"product_tag","embeddable":true,"href":"https:\/\/www.artcrafttoys.com\/en\/wp-json\/wp\/v2\/product_tag?post=22912"}],"curies":[{"name":"wp","href":"https:\/\/api.w.org\/{rel}","templated":true}]}}