{"id":22933,"date":"2021-11-03T05:31:41","date_gmt":"2021-11-03T05:31:41","guid":{"rendered":"https:\/\/www.artcrafttoys.com\/?post_type=product&#038;p=22933"},"modified":"2021-11-03T05:36:59","modified_gmt":"2021-11-03T05:36:59","slug":"oyun-hamur-sepeti-sayilar","status":"publish","type":"product","link":"https:\/\/www.artcrafttoys.com\/en\/product\/oyun-hamur-sepeti-sayilar\/","title":{"rendered":"Oyun Hamur Sepeti Say\u0131lar"},"content":{"rendered":"<h3 style=\"text-align: center;\">\u00dcr\u00fcn Kodu: 03495<\/h3>\n<p style=\"text-align: center;\">15 Par\u00e7a | 224 Gram<\/p>\n<h3 style=\"text-align: center;\"><strong>\u0130\u00e7erik:<\/strong><\/h3>\n<p style=\"text-align: center;\">4 Par\u00e7a 56 Gram Oyun Hamuru<br \/>\n15 Par\u00e7a Say\u0131 Kal\u0131b\u0131<\/p>\n<p style=\"text-align: center;\"><img loading=\"lazy\" class=\"wp-image-22471 aligncenter\" src=\"https:\/\/www.artcrafttoys.com\/wp-content\/uploads\/2021\/10\/art-craft-play-dough-245x300.png\" alt=\"\" width=\"221\" height=\"271\" \/><br \/>\n<img loading=\"lazy\" class=\"wp-image-22496 aligncenter\" src=\"https:\/\/www.artcrafttoys.com\/wp-content\/uploads\/2021\/10\/ico-1-279x300.png\" alt=\"\" width=\"220\" height=\"237\" \/><\/p>","protected":false},"excerpt":{"rendered":"<h3 style=\"text-align: left;\">\u00dcr\u00fcn Kodu: 03495<\/h3>\n<ul>\n<li>15 Par\u00e7a<\/li>\n<li>224 Gram<\/li>\n<\/ul>\n<h3 style=\"text-align: left;\"><strong>\u0130\u00e7erik:<\/strong><\/h3>\n<ul>\n<li>4 Par\u00e7a 56 Gram Oyun Hamuru<\/li>\n<li>15 Par\u00e7a Say\u0131 Kal\u0131b\u0131<\/li>\n<\/ul>","protected":false},"featured_media":22934,"comment_status":"open","ping_status":"closed","template":"","meta":[],"product_cat":[15,51],"product_tag":[],"_links":{"self":[{"href":"https:\/\/www.artcrafttoys.com\/en\/wp-json\/wp\/v2\/product\/22933"}],"collection":[{"href":"https:\/\/www.artcrafttoys.com\/en\/wp-json\/wp\/v2\/product"}],"about":[{"href":"https:\/\/www.artcrafttoys.com\/en\/wp-json\/wp\/v2\/types\/product"}],"replies":[{"embeddable":true,"href":"https:\/\/www.artcrafttoys.com\/en\/wp-json\/wp\/v2\/comments?post=22933"}],"wp:featuredmedia":[{"embeddable":true,"href":"https:\/\/www.artcrafttoys.com\/en\/wp-json\/wp\/v2\/media\/22934"}],"wp:attachment":[{"href":"https:\/\/www.artcrafttoys.com\/en\/wp-json\/wp\/v2\/media?parent=22933"}],"wp:term":[{"taxonomy":"product_cat","embeddable":true,"href":"https:\/\/www.artcrafttoys.com\/en\/wp-json\/wp\/v2\/product_cat?post=22933"},{"taxonomy":"product_tag","embeddable":true,"href":"https:\/\/www.artcrafttoys.com\/en\/wp-json\/wp\/v2\/product_tag?post=22933"}],"curies":[{"name":"wp","href":"https:\/\/api.w.org\/{rel}","templated":true}]}}