{"id":22940,"date":"2021-11-03T05:42:50","date_gmt":"2021-11-03T05:42:50","guid":{"rendered":"https:\/\/www.artcrafttoys.com\/?post_type=product&#038;p=22940"},"modified":"2024-02-01T09:47:39","modified_gmt":"2024-02-01T09:47:39","slug":"4lu-polybag-112-gram-kopekli-hamur-set","status":"publish","type":"product","link":"https:\/\/www.artcrafttoys.com\/en\/product\/4lu-polybag-112-gram-kopekli-hamur-set\/","title":{"rendered":"4&#8217;l\u00fc Polybag 112 Gram K\u00f6pekli Hamur Set"},"content":{"rendered":"<h3 style=\"text-align: center;\">\u00dcr\u00fcn Kodu: 03548<\/h3>\n<p style=\"text-align: center;\">7 Par\u00e7a | 112 Gram<\/p>\n<h3 style=\"text-align: center;\"><strong>\u0130\u00e7erik:<\/strong><\/h3>\n<p style=\"text-align: center;\">4 Par\u00e7a 28 Gram Oyun Hamuru<br \/>\n3 Par\u00e7a Mini Fig\u00fcr<br \/>\n1 Par\u00e7a Makas<br \/>\n1 Par\u00e7a Hamur B\u0131\u00e7a\u011f\u0131<br \/>\n1 Par\u00e7a Keski<br \/>\n1 Par\u00e7a Spatula<\/p>\n<p style=\"text-align: center;\"><img loading=\"lazy\" class=\"wp-image-22471 aligncenter\" src=\"https:\/\/www.artcrafttoys.com\/wp-content\/uploads\/2021\/10\/art-craft-play-dough-245x300.png\" alt=\"\" width=\"221\" height=\"271\" \/><img loading=\"lazy\" class=\"wp-image-22496 aligncenter\" src=\"https:\/\/www.artcrafttoys.com\/wp-content\/uploads\/2021\/10\/ico-1-279x300.png\" alt=\"\" width=\"220\" height=\"237\" \/><\/p>","protected":false},"excerpt":{"rendered":"<h3 style=\"text-align: left;\">\u00dcr\u00fcn Kodu: 03548<\/h3>\n<ul>\n<li>7 Par\u00e7a<\/li>\n<li>112 Gram<\/li>\n<\/ul>\n<h3 style=\"text-align: left;\"><strong>\u0130\u00e7erik:<\/strong><\/h3>\n<ul>\n<li>4 Par\u00e7a 28 Gram Oyun Hamuru<\/li>\n<li>3 Par\u00e7a Mini Fig\u00fcr<\/li>\n<li>1 Par\u00e7a Makas<\/li>\n<li>1 Par\u00e7a Hamur B\u0131\u00e7a\u011f\u0131<\/li>\n<li>1 Par\u00e7a Keski<\/li>\n<li>1 Par\u00e7a Spatula<\/li>\n<\/ul>","protected":false},"featured_media":22941,"comment_status":"open","ping_status":"closed","template":"","meta":[],"product_cat":[15,51],"product_tag":[],"_links":{"self":[{"href":"https:\/\/www.artcrafttoys.com\/en\/wp-json\/wp\/v2\/product\/22940"}],"collection":[{"href":"https:\/\/www.artcrafttoys.com\/en\/wp-json\/wp\/v2\/product"}],"about":[{"href":"https:\/\/www.artcrafttoys.com\/en\/wp-json\/wp\/v2\/types\/product"}],"replies":[{"embeddable":true,"href":"https:\/\/www.artcrafttoys.com\/en\/wp-json\/wp\/v2\/comments?post=22940"}],"wp:featuredmedia":[{"embeddable":true,"href":"https:\/\/www.artcrafttoys.com\/en\/wp-json\/wp\/v2\/media\/22941"}],"wp:attachment":[{"href":"https:\/\/www.artcrafttoys.com\/en\/wp-json\/wp\/v2\/media?parent=22940"}],"wp:term":[{"taxonomy":"product_cat","embeddable":true,"href":"https:\/\/www.artcrafttoys.com\/en\/wp-json\/wp\/v2\/product_cat?post=22940"},{"taxonomy":"product_tag","embeddable":true,"href":"https:\/\/www.artcrafttoys.com\/en\/wp-json\/wp\/v2\/product_tag?post=22940"}],"curies":[{"name":"wp","href":"https:\/\/api.w.org\/{rel}","templated":true}]}}