{"id":22952,"date":"2021-11-03T12:26:46","date_gmt":"2021-11-03T12:26:46","guid":{"rendered":"https:\/\/www.artcrafttoys.com\/?post_type=product&#038;p=22952"},"modified":"2024-02-01T09:39:00","modified_gmt":"2024-02-01T09:39:00","slug":"3d-sevimli-hayvanlar-hamur-set","status":"publish","type":"product","link":"https:\/\/www.artcrafttoys.com\/en\/product\/3d-sevimli-hayvanlar-hamur-set\/","title":{"rendered":"3D Sevimli Hayvanlar Hamur Set"},"content":{"rendered":"<h3 style=\"text-align: center;\">\u00dcr\u00fcn Kodu: 03550<\/h3>\n<p style=\"text-align: center;\">8 Par\u00e7a | 200 Gram<\/p>\n<h3 style=\"text-align: center;\"><strong>\u0130\u00e7erik:<\/strong><\/h3>\n<p style=\"text-align: center;\">4 Par\u00e7a 50 Gram Oyun Hamuru<br \/>\n6 Par\u00e7a 3D Sevimli Hayvan Kal\u0131b\u0131<br \/>\n2 Par\u00e7a A\u011fa\u00e7 Kal\u0131b\u0131<\/p>\n<p style=\"text-align: center;\"><img loading=\"lazy\" class=\"wp-image-22471 aligncenter\" src=\"https:\/\/www.artcrafttoys.com\/wp-content\/uploads\/2021\/10\/art-craft-play-dough-245x300.png\" alt=\"\" width=\"221\" height=\"271\" \/><img loading=\"lazy\" class=\"wp-image-22496 aligncenter\" src=\"https:\/\/www.artcrafttoys.com\/wp-content\/uploads\/2021\/10\/ico-1-279x300.png\" alt=\"\" width=\"220\" height=\"237\" \/><\/p>","protected":false},"excerpt":{"rendered":"<h3 style=\"text-align: left;\">\u00dcr\u00fcn Kodu: 03550<\/h3>\n<ul>\n<li>8 Par\u00e7a<\/li>\n<li>200 Gram<\/li>\n<\/ul>\n<h3 style=\"text-align: left;\"><strong>\u0130\u00e7erik:<\/strong><\/h3>\n<ul>\n<li>4 Par\u00e7a 50 Gram Oyun Hamuru<\/li>\n<li>6 Par\u00e7a 3D Sevimli Hayvan Kal\u0131b\u0131<\/li>\n<li>2 Par\u00e7a A\u011fa\u00e7 Kal\u0131b\u0131<\/li>\n<\/ul>","protected":false},"featured_media":22953,"comment_status":"open","ping_status":"closed","template":"","meta":[],"product_cat":[15,51],"product_tag":[],"_links":{"self":[{"href":"https:\/\/www.artcrafttoys.com\/en\/wp-json\/wp\/v2\/product\/22952"}],"collection":[{"href":"https:\/\/www.artcrafttoys.com\/en\/wp-json\/wp\/v2\/product"}],"about":[{"href":"https:\/\/www.artcrafttoys.com\/en\/wp-json\/wp\/v2\/types\/product"}],"replies":[{"embeddable":true,"href":"https:\/\/www.artcrafttoys.com\/en\/wp-json\/wp\/v2\/comments?post=22952"}],"wp:featuredmedia":[{"embeddable":true,"href":"https:\/\/www.artcrafttoys.com\/en\/wp-json\/wp\/v2\/media\/22953"}],"wp:attachment":[{"href":"https:\/\/www.artcrafttoys.com\/en\/wp-json\/wp\/v2\/media?parent=22952"}],"wp:term":[{"taxonomy":"product_cat","embeddable":true,"href":"https:\/\/www.artcrafttoys.com\/en\/wp-json\/wp\/v2\/product_cat?post=22952"},{"taxonomy":"product_tag","embeddable":true,"href":"https:\/\/www.artcrafttoys.com\/en\/wp-json\/wp\/v2\/product_tag?post=22952"}],"curies":[{"name":"wp","href":"https:\/\/api.w.org\/{rel}","templated":true}]}}