{"id":22980,"date":"2021-11-03T15:34:20","date_gmt":"2021-11-03T15:34:20","guid":{"rendered":"https:\/\/www.artcrafttoys.com\/?post_type=product&#038;p=22980"},"modified":"2021-11-03T16:34:37","modified_gmt":"2021-11-03T16:34:37","slug":"cilgin-mutfak-hamur-set","status":"publish","type":"product","link":"https:\/\/www.artcrafttoys.com\/en\/product\/cilgin-mutfak-hamur-set\/","title":{"rendered":"\u00c7\u0131lg\u0131n Mutfak Hamur Set"},"content":{"rendered":"<h3 style=\"text-align: center;\">\u00dcr\u00fcn Kodu: 03557<\/h3>\n<p style=\"text-align: center;\">8 Par\u00e7a | 200 Gram<\/p>\n<h3 style=\"text-align: center;\"><strong>\u0130\u00e7erik:<\/strong><\/h3>\n<p style=\"text-align: center;\">4 Par\u00e7a 50 Gram Oyun Hamuru<br \/>\n8 Par\u00e7a Yemek Kal\u0131b\u0131<\/p>\n<p><img loading=\"lazy\" class=\"wp-image-22471 aligncenter\" src=\"https:\/\/www.artcrafttoys.com\/wp-content\/uploads\/2021\/10\/art-craft-play-dough-245x300.png\" alt=\"\" width=\"221\" height=\"271\" \/><img loading=\"lazy\" class=\"wp-image-22496 aligncenter\" src=\"https:\/\/www.artcrafttoys.com\/wp-content\/uploads\/2021\/10\/ico-1-279x300.png\" alt=\"\" width=\"220\" height=\"237\" \/><\/p>","protected":false},"excerpt":{"rendered":"<h3 style=\"text-align: left;\">\u00dcr\u00fcn Kodu: 03557<\/h3>\n<ul>\n<li>8 Par\u00e7a<\/li>\n<li>200 Gram<\/li>\n<\/ul>\n<h3 style=\"text-align: left;\"><strong>\u0130\u00e7erik:<\/strong><\/h3>\n<ul>\n<li>4 Par\u00e7a 50 Gram Oyun Hamuru<\/li>\n<li>8 Par\u00e7a Yemek Kal\u0131b\u0131<\/li>\n<\/ul>","protected":false},"featured_media":22981,"comment_status":"open","ping_status":"closed","template":"","meta":[],"product_cat":[15,51],"product_tag":[],"_links":{"self":[{"href":"https:\/\/www.artcrafttoys.com\/en\/wp-json\/wp\/v2\/product\/22980"}],"collection":[{"href":"https:\/\/www.artcrafttoys.com\/en\/wp-json\/wp\/v2\/product"}],"about":[{"href":"https:\/\/www.artcrafttoys.com\/en\/wp-json\/wp\/v2\/types\/product"}],"replies":[{"embeddable":true,"href":"https:\/\/www.artcrafttoys.com\/en\/wp-json\/wp\/v2\/comments?post=22980"}],"wp:featuredmedia":[{"embeddable":true,"href":"https:\/\/www.artcrafttoys.com\/en\/wp-json\/wp\/v2\/media\/22981"}],"wp:attachment":[{"href":"https:\/\/www.artcrafttoys.com\/en\/wp-json\/wp\/v2\/media?parent=22980"}],"wp:term":[{"taxonomy":"product_cat","embeddable":true,"href":"https:\/\/www.artcrafttoys.com\/en\/wp-json\/wp\/v2\/product_cat?post=22980"},{"taxonomy":"product_tag","embeddable":true,"href":"https:\/\/www.artcrafttoys.com\/en\/wp-json\/wp\/v2\/product_tag?post=22980"}],"curies":[{"name":"wp","href":"https:\/\/api.w.org\/{rel}","templated":true}]}}