{"id":23012,"date":"2021-11-03T17:17:25","date_gmt":"2021-11-03T17:17:25","guid":{"rendered":"https:\/\/www.artcrafttoys.com\/?post_type=product&#038;p=23012"},"modified":"2024-02-01T09:56:16","modified_gmt":"2024-02-01T09:56:16","slug":"arabalar-kinetik-oyun-kumu-seti-500-gram","status":"publish","type":"product","link":"https:\/\/www.artcrafttoys.com\/en\/product\/arabalar-kinetik-oyun-kumu-seti-500-gram\/","title":{"rendered":"Arabalar Kinetik Oyun Kumu Seti &#8211; 500 Gram"},"content":{"rendered":"<h3 style=\"text-align: center;\">\u00dcr\u00fcn Kodu: 03609<\/h3>\n<p style=\"text-align: center;\">8 Par\u00e7a | 500 Gram<\/p>\n<h3 style=\"text-align: center;\"><strong>\u0130\u00e7erik:<\/strong><\/h3>\n<p style=\"text-align: center;\">500 Gram Kinetik Oyun Kumu<br \/>\n4 Par\u00e7a 3D Araba Kal\u0131b\u0131<br \/>\n4 Par\u00e7a Trafik \u0130\u015fareti<\/p>\n<p style=\"text-align: center;\"><img loading=\"lazy\" class=\"alignnone wp-image-22478\" src=\"https:\/\/www.artcrafttoys.com\/wp-content\/uploads\/2021\/10\/art-craft-sand-logo-249x300.png\" alt=\"\" width=\"203\" height=\"244\" \/><\/p>\n<p><img loading=\"lazy\" class=\"wp-image-22495 aligncenter\" src=\"https:\/\/www.artcrafttoys.com\/wp-content\/uploads\/2021\/10\/ico-2-300x290.png\" alt=\"\" width=\"201\" height=\"194\" \/><\/p>","protected":false},"excerpt":{"rendered":"<h3 style=\"text-align: left;\">\u00dcr\u00fcn Kodu: 03609<\/h3>\n<ul>\n<li>8 Par\u00e7a<\/li>\n<li>500 Gram<\/li>\n<\/ul>\n<h3 style=\"text-align: left;\"><strong>\u0130\u00e7erik:<\/strong><\/h3>\n<ul>\n<li>500 Gram Kinetik Oyun Kumu<\/li>\n<li>4 Par\u00e7a 3D Araba Kal\u0131b\u0131<\/li>\n<li>4 Par\u00e7a Trafik \u0130\u015fareti<\/li>\n<\/ul>","protected":false},"featured_media":23014,"comment_status":"open","ping_status":"closed","template":"","meta":[],"product_cat":[15,77],"product_tag":[],"_links":{"self":[{"href":"https:\/\/www.artcrafttoys.com\/en\/wp-json\/wp\/v2\/product\/23012"}],"collection":[{"href":"https:\/\/www.artcrafttoys.com\/en\/wp-json\/wp\/v2\/product"}],"about":[{"href":"https:\/\/www.artcrafttoys.com\/en\/wp-json\/wp\/v2\/types\/product"}],"replies":[{"embeddable":true,"href":"https:\/\/www.artcrafttoys.com\/en\/wp-json\/wp\/v2\/comments?post=23012"}],"wp:featuredmedia":[{"embeddable":true,"href":"https:\/\/www.artcrafttoys.com\/en\/wp-json\/wp\/v2\/media\/23014"}],"wp:attachment":[{"href":"https:\/\/www.artcrafttoys.com\/en\/wp-json\/wp\/v2\/media?parent=23012"}],"wp:term":[{"taxonomy":"product_cat","embeddable":true,"href":"https:\/\/www.artcrafttoys.com\/en\/wp-json\/wp\/v2\/product_cat?post=23012"},{"taxonomy":"product_tag","embeddable":true,"href":"https:\/\/www.artcrafttoys.com\/en\/wp-json\/wp\/v2\/product_tag?post=23012"}],"curies":[{"name":"wp","href":"https:\/\/api.w.org\/{rel}","templated":true}]}}