{"id":23037,"date":"2021-11-04T07:05:59","date_gmt":"2021-11-04T07:05:59","guid":{"rendered":"https:\/\/www.artcrafttoys.com\/?post_type=product&#038;p=23037"},"modified":"2024-02-01T09:31:13","modified_gmt":"2024-02-01T09:31:13","slug":"mega-hamur-set","status":"publish","type":"product","link":"https:\/\/www.artcrafttoys.com\/en\/product\/mega-hamur-set\/","title":{"rendered":"Mega Hamur Set"},"content":{"rendered":"<h3 style=\"text-align: center;\">\u00dcr\u00fcn Kodu: 03617<\/h3>\n<p style=\"text-align: center;\">35 Par\u00e7a | 280 Gram<\/p>\n<h3 style=\"text-align: center;\"><strong>\u0130\u00e7erik:<\/strong><\/h3>\n<p style=\"text-align: center;\">5 Par\u00e7a 56 Gram Oyun Hamuru<br \/>\n1 Par\u00e7a El Presi<br \/>\n2 Par\u00e7a Cetvel<br \/>\n1 Par\u00e7a Oklava<br \/>\n6 Par\u00e7a 3D Sevimli Canl\u0131lar Kal\u0131b\u0131<br \/>\n2 Par\u00e7a A\u011fa\u00e7 Kal\u0131b\u0131<br \/>\n15 Par\u00e7a Say\u0131 Kal\u0131b\u0131<br \/>\n1 Par\u00e7a 3D Waffle Kal\u0131b\u0131<br \/>\n2 Par\u00e7a 3D Dondurma Kal\u0131b\u0131<br \/>\n2 Par\u00e7a Dondurma \u00c7ubu\u011fu<br \/>\n2 Par\u00e7a Dondurma K\u00fclah\u0131<\/p>\n<p style=\"text-align: center;\"><img loading=\"lazy\" class=\"wp-image-22471 aligncenter\" src=\"https:\/\/www.artcrafttoys.com\/wp-content\/uploads\/2021\/10\/art-craft-play-dough-245x300.png\" alt=\"\" width=\"221\" height=\"271\" \/><img loading=\"lazy\" class=\"wp-image-22496 aligncenter\" src=\"https:\/\/www.artcrafttoys.com\/wp-content\/uploads\/2021\/10\/ico-1-279x300.png\" alt=\"\" width=\"220\" height=\"237\" \/><\/p>","protected":false},"excerpt":{"rendered":"<h3 style=\"text-align: left;\">\u00dcr\u00fcn Kodu: 03617<\/h3>\n<ul>\n<li>35 Par\u00e7a<\/li>\n<li>280 Gram<\/li>\n<\/ul>\n<h3 style=\"text-align: left;\"><strong>\u0130\u00e7erik:<\/strong><\/h3>\n<ul>\n<li>5 Par\u00e7a 56 Gram Oyun Hamuru<\/li>\n<li>1 Par\u00e7a El Presi<\/li>\n<li>2 Par\u00e7a Cetvel<\/li>\n<li>1 Par\u00e7a Oklava<\/li>\n<li>6 Par\u00e7a 3D Sevimli Canl\u0131lar Kal\u0131b\u0131<\/li>\n<li>2 Par\u00e7a A\u011fa\u00e7 Kal\u0131b\u0131<\/li>\n<li>15 Par\u00e7a Say\u0131 Kal\u0131b\u0131<\/li>\n<li>1 Par\u00e7a 3D Waffle Kal\u0131b\u0131<\/li>\n<li>2 Par\u00e7a 3D Dondurma Kal\u0131b\u0131<\/li>\n<li>2 Par\u00e7a Dondurma \u00c7ubu\u011fu<\/li>\n<li>2 Par\u00e7a Dondurma K\u00fclah\u0131<\/li>\n<\/ul>","protected":false},"featured_media":23038,"comment_status":"open","ping_status":"closed","template":"","meta":[],"product_cat":[15,51],"product_tag":[],"_links":{"self":[{"href":"https:\/\/www.artcrafttoys.com\/en\/wp-json\/wp\/v2\/product\/23037"}],"collection":[{"href":"https:\/\/www.artcrafttoys.com\/en\/wp-json\/wp\/v2\/product"}],"about":[{"href":"https:\/\/www.artcrafttoys.com\/en\/wp-json\/wp\/v2\/types\/product"}],"replies":[{"embeddable":true,"href":"https:\/\/www.artcrafttoys.com\/en\/wp-json\/wp\/v2\/comments?post=23037"}],"wp:featuredmedia":[{"embeddable":true,"href":"https:\/\/www.artcrafttoys.com\/en\/wp-json\/wp\/v2\/media\/23038"}],"wp:attachment":[{"href":"https:\/\/www.artcrafttoys.com\/en\/wp-json\/wp\/v2\/media?parent=23037"}],"wp:term":[{"taxonomy":"product_cat","embeddable":true,"href":"https:\/\/www.artcrafttoys.com\/en\/wp-json\/wp\/v2\/product_cat?post=23037"},{"taxonomy":"product_tag","embeddable":true,"href":"https:\/\/www.artcrafttoys.com\/en\/wp-json\/wp\/v2\/product_tag?post=23037"}],"curies":[{"name":"wp","href":"https:\/\/api.w.org\/{rel}","templated":true}]}}